{"id":250296,"date":"2025-11-04T11:20:32","date_gmt":"2025-11-04T11:20:32","guid":{"rendered":"https:\/\/beverlyhillsbeauty.at\/?page_id=250296"},"modified":"2026-04-20T11:54:01","modified_gmt":"2026-04-20T11:54:01","slug":"unser-team","status":"publish","type":"page","link":"https:\/\/beverlyhillsbeauty.at\/de\/unser-team\/","title":{"rendered":"Unser Team"},"content":{"rendered":"<p>[et_pb_section fb_built=&#8220;1&#8243; _builder_version=&#8220;4.27.4&#8243; _module_preset=&#8220;default&#8220; da_disable_devices=&#8220;off|off|off&#8220; global_colors_info=&#8220;{}&#8220; da_is_popup=&#8220;off&#8220; da_exit_intent=&#8220;off&#8220; da_has_close=&#8220;on&#8220; da_alt_close=&#8220;off&#8220; da_dark_close=&#8220;off&#8220; da_not_modal=&#8220;on&#8220; da_is_singular=&#8220;off&#8220; da_with_loader=&#8220;off&#8220; da_has_shadow=&#8220;on&#8220;][\/et_pb_section][et_pb_section fb_built=&#8220;1&#8243; _builder_version=&#8220;4.27.4&#8243; _module_preset=&#8220;default&#8220; da_disable_devices=&#8220;off|off|off&#8220; global_colors_info=&#8220;{}&#8220; da_is_popup=&#8220;off&#8220; da_exit_intent=&#8220;off&#8220; da_has_close=&#8220;on&#8220; da_alt_close=&#8220;off&#8220; da_dark_close=&#8220;off&#8220; da_not_modal=&#8220;on&#8220; da_is_singular=&#8220;off&#8220; da_with_loader=&#8220;off&#8220; da_has_shadow=&#8220;on&#8220;][et_pb_row _builder_version=&#8220;4.27.4&#8243; _module_preset=&#8220;default&#8220; locked=&#8220;off&#8220; global_colors_info=&#8220;{}&#8220;][et_pb_column type=&#8220;4_4&#8243; _builder_version=&#8220;4.27.4&#8243; _module_preset=&#8220;default&#8220; global_colors_info=&#8220;{}&#8220;][et_pb_heading title=&#8220;Unser Team&#8220; _builder_version=&#8220;4.27.4&#8243; _module_preset=&#8220;default&#8220; global_colors_info=&#8220;{}&#8220;][\/et_pb_heading][\/et_pb_column][\/et_pb_row][et_pb_row column_structure=&#8220;1_4,1_4,1_4,1_4&#8243; make_equal=&#8220;on&#8220; custom_padding_last_edited=&#8220;on|phone&#8220; admin_label=&#8220;Services&#8220; _builder_version=&#8220;4.22.2&#8243; width_phone=&#8220;100%&#8220; width_last_edited=&#8220;off|desktop&#8220; max_width_tablet=&#8220;80%&#8220; max_width_phone=&#8220;90%&#8220; max_width_last_edited=&#8220;off|desktop&#8220; custom_margin=&#8220;50px||||false|false&#8220; custom_padding=&#8220;0px||0px||true|false&#8220; custom_padding_tablet=&#8220;0px||0px||true|false&#8220; custom_padding_phone=&#8220;0px|20px|0px|20px|true|true&#8220; use_custom_width=&#8220;on&#8220; width_unit=&#8220;off&#8220; locked=&#8220;off&#8220; global_colors_info=&#8220;{}&#8220;][et_pb_column type=&#8220;1_4&#8243; _builder_version=&#8220;4.16&#8243; custom_padding=&#8220;|||&#8220; global_colors_info=&#8220;{}&#8220; custom_padding__hover=&#8220;|||&#8220;][et_pb_image src=&#8220;https:\/\/beverlyhillsbeauty.at\/wp-content\/uploads\/2023\/10\/Administrator-Diana.jpeg&#8220; title_text=&#8220;Administrator &#8211; Diana&#8220; show_in_lightbox=&#8220;on&#8220; _builder_version=&#8220;4.22.2&#8243; _module_preset=&#8220;default&#8220; custom_margin=&#8220;||0px||false|false&#8220; custom_padding=&#8220;||0px||false|false&#8220; border_radii=&#8220;on|10px|10px|10px|10px&#8220; global_colors_info=&#8220;{}&#8220;][\/et_pb_image][et_pb_text admin_label=&#8220;Subtitle&#8220; _builder_version=&#8220;4.27.4&#8243; text_font=&#8220;ex1||||||||&#8220; text_text_color=&#8220;rgba(0,0,0,0.8)&#8220; text_font_size=&#8220;17px&#8220; text_line_height=&#8220;2em&#8220; header_font=&#8220;Montserrat||||||||&#8220; header_text_align=&#8220;center&#8220; header_text_color=&#8220;rgba(0,0,0,0.7)&#8220; header_font_size=&#8220;15px&#8220; header_line_height=&#8220;1.9em&#8220; background_color=&#8220;#FFFFFF&#8220; position_origin_a=&#8220;center_left&#8220; horizontal_offset=&#8220;0px&#8220; text_orientation=&#8220;center&#8220; width=&#8220;92%&#8220; module_alignment=&#8220;center&#8220; custom_margin=&#8220;0px|0px|0px|0px|true|true&#8220; custom_padding=&#8220;10px|0px|10px|0px|true|false&#8220; animation_direction=&#8220;bottom&#8220; border_color_top=&#8220;rgba(0,0,0,0.15)&#8220; border_color_right=&#8220;rgba(0,0,0,0.15)&#8220; border_color_left=&#8220;rgba(0,0,0,0.15)&#8220; locked=&#8220;off&#8220; global_colors_info=&#8220;{}&#8220;]<\/p>\n<p><strong>DIANA<\/strong><\/p>\n<p>Administrator<\/p>\n<p>[\/et_pb_text][\/et_pb_column][et_pb_column type=&#8220;1_4&#8243; _builder_version=&#8220;4.16&#8243; custom_padding=&#8220;|||&#8220; global_colors_info=&#8220;{}&#8220; custom_padding__hover=&#8220;|||&#8220;][et_pb_image src=&#8220;https:\/\/beverlyhillsbeauty.at\/wp-content\/uploads\/2023\/10\/Administrator-Julia.jpeg&#8220; title_text=&#8220;Administrator -Julia&#8220; show_in_lightbox=&#8220;on&#8220; _builder_version=&#8220;4.22.2&#8243; _module_preset=&#8220;default&#8220; custom_margin=&#8220;||0px||false|false&#8220; border_radii=&#8220;on|10px|10px|10px|10px&#8220; global_colors_info=&#8220;{}&#8220;][\/et_pb_image][et_pb_text admin_label=&#8220;Subtitle&#8220; _builder_version=&#8220;4.27.4&#8243; text_font=&#8220;ex1||||||||&#8220; text_text_color=&#8220;rgba(0,0,0,0.8)&#8220; text_font_size=&#8220;17px&#8220; text_line_height=&#8220;2em&#8220; header_font=&#8220;Montserrat||||||||&#8220; header_text_align=&#8220;center&#8220; header_text_color=&#8220;rgba(0,0,0,0.7)&#8220; header_font_size=&#8220;15px&#8220; header_line_height=&#8220;1.9em&#8220; background_color=&#8220;#FFFFFF&#8220; position_origin_a=&#8220;center_left&#8220; horizontal_offset=&#8220;0px&#8220; text_orientation=&#8220;center&#8220; width=&#8220;92%&#8220; module_alignment=&#8220;center&#8220; custom_margin=&#8220;0px|0px|0px|0px|true|true&#8220; custom_padding=&#8220;10px|0px|10px|0px|true|false&#8220; animation_direction=&#8220;bottom&#8220; border_color_top=&#8220;rgba(0,0,0,0.15)&#8220; border_color_right=&#8220;rgba(0,0,0,0.15)&#8220; border_color_left=&#8220;rgba(0,0,0,0.15)&#8220; locked=&#8220;off&#8220; global_colors_info=&#8220;{}&#8220;]<\/p>\n<p><strong>JULIA<\/strong><\/p>\n<p>Administrator<\/p>\n<p>[\/et_pb_text][\/et_pb_column][et_pb_column type=&#8220;1_4&#8243; _builder_version=&#8220;4.16&#8243; custom_padding=&#8220;|||&#8220; global_colors_info=&#8220;{}&#8220; custom_padding__hover=&#8220;|||&#8220;][et_pb_image src=&#8220;https:\/\/beverlyhillsbeauty.at\/wp-content\/uploads\/2023\/10\/Brows-and-Lashes-Master-Katerina.jpeg&#8220; title_text=&#8220;Brows and Lashes Master &#8211; Katerina&#8220; show_in_lightbox=&#8220;on&#8220; _builder_version=&#8220;4.22.2&#8243; _module_preset=&#8220;default&#8220; custom_margin=&#8220;||0px||false|false&#8220; border_radii=&#8220;on|10px|10px|10px|10px&#8220; global_colors_info=&#8220;{}&#8220;][\/et_pb_image][et_pb_text admin_label=&#8220;Subtitle&#8220; _builder_version=&#8220;4.27.4&#8243; text_font=&#8220;ex1||||||||&#8220; text_text_color=&#8220;rgba(0,0,0,0.8)&#8220; text_font_size=&#8220;17px&#8220; text_line_height=&#8220;2em&#8220; header_font=&#8220;Montserrat||||||||&#8220; header_text_align=&#8220;center&#8220; header_text_color=&#8220;rgba(0,0,0,0.7)&#8220; header_font_size=&#8220;15px&#8220; header_line_height=&#8220;1.9em&#8220; background_color=&#8220;#FFFFFF&#8220; position_origin_a=&#8220;center_left&#8220; horizontal_offset=&#8220;0px&#8220; text_orientation=&#8220;center&#8220; width=&#8220;92%&#8220; module_alignment=&#8220;center&#8220; custom_margin=&#8220;0px|0px|0px|0px|true|true&#8220; custom_padding=&#8220;10px|0px|10px|0px|true|false&#8220; animation_direction=&#8220;bottom&#8220; border_color_top=&#8220;rgba(0,0,0,0.15)&#8220; border_color_right=&#8220;rgba(0,0,0,0.15)&#8220; border_color_left=&#8220;rgba(0,0,0,0.15)&#8220; locked=&#8220;off&#8220; global_colors_info=&#8220;{}&#8220;]<\/p>\n<p><strong>KATERINA<\/strong><\/p>\n<p>Brows and Lashes Master<\/p>\n<p>[\/et_pb_text][\/et_pb_column][et_pb_column type=&#8220;1_4&#8243; _builder_version=&#8220;4.16&#8243; custom_padding=&#8220;|||&#8220; global_colors_info=&#8220;{}&#8220; custom_padding__hover=&#8220;|||&#8220;][et_pb_image src=&#8220;https:\/\/beverlyhillsbeauty.at\/wp-content\/uploads\/2023\/10\/Cosmetologist-Inna.jpeg&#8220; title_text=&#8220;Cosmetologist &#8211; Inna&#8220; show_in_lightbox=&#8220;on&#8220; _builder_version=&#8220;4.22.2&#8243; _module_preset=&#8220;default&#8220; custom_margin=&#8220;||0px||false|false&#8220; border_radii=&#8220;on|10px|10px|10px|10px&#8220; global_colors_info=&#8220;{}&#8220;][\/et_pb_image][et_pb_text admin_label=&#8220;Subtitle&#8220; _builder_version=&#8220;4.27.4&#8243; text_font=&#8220;ex1||||||||&#8220; text_text_color=&#8220;rgba(0,0,0,0.8)&#8220; text_font_size=&#8220;17px&#8220; text_line_height=&#8220;2em&#8220; header_font=&#8220;Montserrat||||||||&#8220; header_text_align=&#8220;center&#8220; header_text_color=&#8220;rgba(0,0,0,0.7)&#8220; header_font_size=&#8220;15px&#8220; header_line_height=&#8220;1.9em&#8220; background_color=&#8220;#FFFFFF&#8220; position_origin_a=&#8220;center_left&#8220; horizontal_offset=&#8220;0px&#8220; text_orientation=&#8220;center&#8220; width=&#8220;92%&#8220; module_alignment=&#8220;center&#8220; custom_margin=&#8220;0px|0px|0px|0px|true|true&#8220; custom_padding=&#8220;10px|0px|10px|0px|true|false&#8220; animation_direction=&#8220;bottom&#8220; border_color_top=&#8220;rgba(0,0,0,0.15)&#8220; border_color_right=&#8220;rgba(0,0,0,0.15)&#8220; border_color_left=&#8220;rgba(0,0,0,0.15)&#8220; locked=&#8220;off&#8220; global_colors_info=&#8220;{}&#8220;]<\/p>\n<p><strong>INNA<\/strong><\/p>\n<p>Cosmetologist<\/p>\n<p>[\/et_pb_text][\/et_pb_column][\/et_pb_row][et_pb_row column_structure=&#8220;1_4,1_4,1_4,1_4&#8243; make_equal=&#8220;on&#8220; custom_padding_last_edited=&#8220;on|phone&#8220; admin_label=&#8220;Services&#8220; _builder_version=&#8220;4.22.2&#8243; width_phone=&#8220;100%&#8220; width_last_edited=&#8220;off|desktop&#8220; max_width_tablet=&#8220;80%&#8220; max_width_phone=&#8220;90%&#8220; max_width_last_edited=&#8220;off|desktop&#8220; custom_margin=&#8220;50px||||false|false&#8220; custom_margin_tablet=&#8220;50px||||false|false&#8220; custom_margin_phone=&#8220;30px||||false|false&#8220; custom_margin_last_edited=&#8220;on|phone&#8220; custom_padding=&#8220;0px||0px||true|false&#8220; custom_padding_tablet=&#8220;0px||0px||true|false&#8220; custom_padding_phone=&#8220;0px|20px|0px|20px|true|true&#8220; use_custom_width=&#8220;on&#8220; width_unit=&#8220;off&#8220; locked=&#8220;off&#8220; global_colors_info=&#8220;{}&#8220;][et_pb_column type=&#8220;1_4&#8243; _builder_version=&#8220;4.16&#8243; custom_padding=&#8220;|||&#8220; global_colors_info=&#8220;{}&#8220; custom_padding__hover=&#8220;|||&#8220;][\/et_pb_column][et_pb_column type=&#8220;1_4&#8243; _builder_version=&#8220;4.16&#8243; custom_padding=&#8220;|||&#8220; global_colors_info=&#8220;{}&#8220; custom_padding__hover=&#8220;|||&#8220;][\/et_pb_column][et_pb_column type=&#8220;1_4&#8243; _builder_version=&#8220;4.16&#8243; custom_padding=&#8220;|||&#8220; global_colors_info=&#8220;{}&#8220; custom_padding__hover=&#8220;|||&#8220;][et_pb_image src=&#8220;https:\/\/beverlyhillsbeauty.at\/wp-content\/uploads\/2023\/10\/Manikure-Pedikure-master-Olga.jpeg&#8220; title_text=&#8220;Manik\u00fcre-Pedik\u00fcre master &#8211; Olga&#8220; show_in_lightbox=&#8220;on&#8220; _builder_version=&#8220;4.22.2&#8243; _module_preset=&#8220;default&#8220; custom_margin=&#8220;||0px||false|false&#8220; border_radii=&#8220;on|10px|10px|10px|10px&#8220; global_colors_info=&#8220;{}&#8220;][\/et_pb_image][et_pb_text admin_label=&#8220;Subtitle&#8220; _builder_version=&#8220;4.27.4&#8243; text_font=&#8220;ex1||||||||&#8220; text_text_color=&#8220;rgba(0,0,0,0.8)&#8220; text_font_size=&#8220;17px&#8220; text_line_height=&#8220;2em&#8220; header_font=&#8220;Montserrat||||||||&#8220; header_text_align=&#8220;center&#8220; header_text_color=&#8220;rgba(0,0,0,0.7)&#8220; header_font_size=&#8220;15px&#8220; header_line_height=&#8220;1.9em&#8220; background_color=&#8220;#FFFFFF&#8220; position_origin_a=&#8220;center_left&#8220; horizontal_offset=&#8220;0px&#8220; text_orientation=&#8220;center&#8220; width=&#8220;92%&#8220; module_alignment=&#8220;center&#8220; custom_margin=&#8220;0px|0px|0px|0px|true|true&#8220; custom_padding=&#8220;10px|0px|10px|0px|true|false&#8220; animation_direction=&#8220;bottom&#8220; border_color_top=&#8220;rgba(0,0,0,0.15)&#8220; border_color_right=&#8220;rgba(0,0,0,0.15)&#8220; border_color_left=&#8220;rgba(0,0,0,0.15)&#8220; locked=&#8220;off&#8220; global_colors_info=&#8220;{}&#8220;]<\/p>\n<p><strong>OLGA<\/strong><\/p>\n<p>Manik\u00fcre &#8211; Pedik\u00fcre Master<\/p>\n<p>[\/et_pb_text][\/et_pb_column][et_pb_column type=&#8220;1_4&#8243; _builder_version=&#8220;4.16&#8243; custom_padding=&#8220;|||&#8220; global_colors_info=&#8220;{}&#8220; custom_padding__hover=&#8220;|||&#8220;][et_pb_image src=&#8220;https:\/\/beverlyhillsbeauty.at\/wp-content\/uploads\/2023\/10\/Massage-and-Endosphere-Master-Katerina.jpeg&#8220; title_text=&#8220;Massage and Endosphere Master &#8211; Katerina&#8220; show_in_lightbox=&#8220;on&#8220; _builder_version=&#8220;4.22.2&#8243; _module_preset=&#8220;default&#8220; custom_margin=&#8220;||0px||false|false&#8220; border_radii=&#8220;on|10px|10px|10px|10px&#8220; global_colors_info=&#8220;{}&#8220;][\/et_pb_image][et_pb_text admin_label=&#8220;Subtitle&#8220; _builder_version=&#8220;4.27.4&#8243; text_font=&#8220;ex1||||||||&#8220; text_text_color=&#8220;rgba(0,0,0,0.8)&#8220; text_font_size=&#8220;17px&#8220; text_line_height=&#8220;2em&#8220; header_font=&#8220;Montserrat||||||||&#8220; header_text_align=&#8220;center&#8220; header_text_color=&#8220;rgba(0,0,0,0.7)&#8220; header_font_size=&#8220;15px&#8220; header_line_height=&#8220;1.9em&#8220; background_color=&#8220;#FFFFFF&#8220; position_origin_a=&#8220;center_left&#8220; horizontal_offset=&#8220;0px&#8220; text_orientation=&#8220;center&#8220; width=&#8220;92%&#8220; module_alignment=&#8220;center&#8220; custom_margin=&#8220;0px|0px|0px|0px|true|true&#8220; custom_padding=&#8220;10px|0px|10px|0px|true|false&#8220; animation_direction=&#8220;bottom&#8220; border_color_top=&#8220;rgba(0,0,0,0.15)&#8220; border_color_right=&#8220;rgba(0,0,0,0.15)&#8220; border_color_left=&#8220;rgba(0,0,0,0.15)&#8220; locked=&#8220;off&#8220; global_colors_info=&#8220;{}&#8220;]<\/p>\n<p><strong>KATERINA<\/strong><\/p>\n<p>Massage &amp; Endosphere Master<\/p>\n<p>[\/et_pb_text][\/et_pb_column][\/et_pb_row][et_pb_row column_structure=&#8220;1_4,1_4,1_4,1_4&#8243; make_equal=&#8220;on&#8220; custom_padding_last_edited=&#8220;on|phone&#8220; admin_label=&#8220;Services&#8220; _builder_version=&#8220;4.22.2&#8243; width_phone=&#8220;100%&#8220; width_last_edited=&#8220;off|desktop&#8220; max_width_tablet=&#8220;80%&#8220; max_width_phone=&#8220;90%&#8220; max_width_last_edited=&#8220;off|desktop&#8220; custom_margin=&#8220;50px||||false|false&#8220; custom_margin_tablet=&#8220;50px||||false|false&#8220; custom_margin_phone=&#8220;30px||||false|false&#8220; custom_margin_last_edited=&#8220;on|phone&#8220; custom_padding=&#8220;0px||0px||true|false&#8220; custom_padding_tablet=&#8220;0px||0px||true|false&#8220; custom_padding_phone=&#8220;0px|20px|0px|20px|true|true&#8220; use_custom_width=&#8220;on&#8220; width_unit=&#8220;off&#8220; locked=&#8220;off&#8220; global_colors_info=&#8220;{}&#8220;][et_pb_column type=&#8220;1_4&#8243; _builder_version=&#8220;4.16&#8243; custom_padding=&#8220;|||&#8220; global_colors_info=&#8220;{}&#8220; custom_padding__hover=&#8220;|||&#8220;][et_pb_image src=&#8220;https:\/\/beverlyhillsbeauty.at\/wp-content\/uploads\/2023\/10\/Manikure-Pedikure-Master-Yuliia.jpg&#8220; title_text=&#8220;Manik\u00fcre -Pedik\u00fcre Master &#8211; Yuliia&#8220; show_in_lightbox=&#8220;on&#8220; _builder_version=&#8220;4.22.2&#8243; _module_preset=&#8220;default&#8220; custom_margin=&#8220;||0px||false|false&#8220; custom_padding=&#8220;||0px||false|false&#8220; border_radii=&#8220;on|10px|10px|10px|10px&#8220; global_colors_info=&#8220;{}&#8220;][\/et_pb_image][et_pb_text admin_label=&#8220;Subtitle&#8220; _builder_version=&#8220;4.27.4&#8243; text_font=&#8220;ex1||||||||&#8220; text_text_color=&#8220;rgba(0,0,0,0.8)&#8220; text_font_size=&#8220;17px&#8220; text_line_height=&#8220;2em&#8220; header_font=&#8220;Montserrat||||||||&#8220; header_text_align=&#8220;center&#8220; header_text_color=&#8220;rgba(0,0,0,0.7)&#8220; header_font_size=&#8220;15px&#8220; header_line_height=&#8220;1.9em&#8220; background_color=&#8220;#FFFFFF&#8220; position_origin_a=&#8220;center_left&#8220; horizontal_offset=&#8220;0px&#8220; text_orientation=&#8220;center&#8220; width=&#8220;92%&#8220; module_alignment=&#8220;center&#8220; custom_margin=&#8220;0px|0px|0px|0px|true|true&#8220; custom_padding=&#8220;10px|0px|10px|0px|true|false&#8220; animation_direction=&#8220;bottom&#8220; border_color_top=&#8220;rgba(0,0,0,0.15)&#8220; border_color_right=&#8220;rgba(0,0,0,0.15)&#8220; border_color_left=&#8220;rgba(0,0,0,0.15)&#8220; locked=&#8220;off&#8220; global_colors_info=&#8220;{}&#8220;]<\/p>\n<p><strong>YULIIA<\/strong><\/p>\n<p>Manik\u00fcre &#8211; Pedik\u00fcre Master<\/p>\n<p>[\/et_pb_text][\/et_pb_column][et_pb_column type=&#8220;1_4&#8243; _builder_version=&#8220;4.16&#8243; custom_padding=&#8220;|||&#8220; global_colors_info=&#8220;{}&#8220; custom_padding__hover=&#8220;|||&#8220;][et_pb_image src=&#8220;https:\/\/beverlyhillsbeauty.at\/wp-content\/uploads\/2023\/10\/Cosmetologist-Vladislava.jpg&#8220; title_text=&#8220;Cosmetologist &#8211; Vladislava&#8220; show_in_lightbox=&#8220;on&#8220; _builder_version=&#8220;4.22.2&#8243; _module_preset=&#8220;default&#8220; custom_margin=&#8220;||0px||false|false&#8220; border_radii=&#8220;on|10px|10px|10px|10px&#8220; global_colors_info=&#8220;{}&#8220;][\/et_pb_image][et_pb_text admin_label=&#8220;Subtitle&#8220; _builder_version=&#8220;4.27.4&#8243; text_font=&#8220;ex1||||||||&#8220; text_text_color=&#8220;rgba(0,0,0,0.8)&#8220; text_font_size=&#8220;17px&#8220; text_line_height=&#8220;2em&#8220; header_font=&#8220;Montserrat||||||||&#8220; header_text_align=&#8220;center&#8220; header_text_color=&#8220;rgba(0,0,0,0.7)&#8220; header_font_size=&#8220;15px&#8220; header_line_height=&#8220;1.9em&#8220; background_color=&#8220;#FFFFFF&#8220; position_origin_a=&#8220;center_left&#8220; horizontal_offset=&#8220;0px&#8220; text_orientation=&#8220;center&#8220; width=&#8220;92%&#8220; module_alignment=&#8220;center&#8220; custom_margin=&#8220;0px|0px|0px|0px|true|true&#8220; custom_padding=&#8220;10px|0px|10px|0px|true|false&#8220; animation_direction=&#8220;bottom&#8220; border_color_top=&#8220;rgba(0,0,0,0.15)&#8220; border_color_right=&#8220;rgba(0,0,0,0.15)&#8220; border_color_left=&#8220;rgba(0,0,0,0.15)&#8220; locked=&#8220;off&#8220; global_colors_info=&#8220;{}&#8220;]<\/p>\n<p><strong>VLADISLAVA<\/strong><\/p>\n<p>Cosmetologist<\/p>\n<p>[\/et_pb_text][\/et_pb_column][et_pb_column type=&#8220;1_4&#8243; _builder_version=&#8220;4.16&#8243; custom_padding=&#8220;|||&#8220; global_colors_info=&#8220;{}&#8220; custom_padding__hover=&#8220;|||&#8220;][et_pb_image src=&#8220;https:\/\/beverlyhillsbeauty.at\/wp-content\/uploads\/2023\/10\/Hair-stylist-Natalia.jpg&#8220; title_text=&#8220;Hair stylist &#8211; Natalia&#8220; show_in_lightbox=&#8220;on&#8220; _builder_version=&#8220;4.22.2&#8243; _module_preset=&#8220;default&#8220; custom_margin=&#8220;||0px||false|false&#8220; border_radii=&#8220;on|10px|10px|10px|10px&#8220; global_colors_info=&#8220;{}&#8220;][\/et_pb_image][et_pb_text admin_label=&#8220;Subtitle&#8220; _builder_version=&#8220;4.27.4&#8243; text_font=&#8220;ex1||||||||&#8220; text_text_color=&#8220;rgba(0,0,0,0.8)&#8220; text_font_size=&#8220;17px&#8220; text_line_height=&#8220;2em&#8220; header_font=&#8220;Montserrat||||||||&#8220; header_text_align=&#8220;center&#8220; header_text_color=&#8220;rgba(0,0,0,0.7)&#8220; header_font_size=&#8220;15px&#8220; header_line_height=&#8220;1.9em&#8220; background_color=&#8220;#FFFFFF&#8220; position_origin_a=&#8220;center_left&#8220; horizontal_offset=&#8220;0px&#8220; text_orientation=&#8220;center&#8220; width=&#8220;92%&#8220; module_alignment=&#8220;center&#8220; custom_margin=&#8220;0px|0px|0px|0px|true|true&#8220; custom_padding=&#8220;10px|0px|10px|0px|true|false&#8220; animation_direction=&#8220;bottom&#8220; border_color_top=&#8220;rgba(0,0,0,0.15)&#8220; border_color_right=&#8220;rgba(0,0,0,0.15)&#8220; border_color_left=&#8220;rgba(0,0,0,0.15)&#8220; locked=&#8220;off&#8220; global_colors_info=&#8220;{}&#8220;]<\/p>\n<p><strong>NATALIA<\/strong><\/p>\n<p>Hair Stylist<\/p>\n<p>[\/et_pb_text][\/et_pb_column][et_pb_column type=&#8220;1_4&#8243; _builder_version=&#8220;4.16&#8243; custom_padding=&#8220;|||&#8220; global_colors_info=&#8220;{}&#8220; custom_padding__hover=&#8220;|||&#8220;][\/et_pb_column][\/et_pb_row][\/et_pb_section]<\/p>\n","protected":false},"excerpt":{"rendered":"<p>DIANA AdministratorJULIA AdministratorKATERINA Brows and Lashes MasterINNA CosmetologistOLGA Manik\u00fcre &#8211; Pedik\u00fcre MasterKATERINA Massage &amp; Endosphere MasterYULIIA Manik\u00fcre &#8211; Pedik\u00fcre MasterVLADISLAVA CosmetologistNATALIA Hair Stylist<\/p>\n","protected":false},"author":2,"featured_media":0,"parent":0,"menu_order":0,"comment_status":"closed","ping_status":"closed","template":"","meta":{"_et_pb_use_builder":"on","_et_pb_old_content":"","_et_gb_content_width":"","_seowing_meta_title":"","_seowing_meta_description":"","_seowing_focus_keyword":"","_seowing_canonical_url":"","_seowing_robots":"","_seowing_robots_noindex":false,"_seowing_robots_nofollow":false,"_seowing_seo_score":0,"footnotes":""},"class_list":["post-250296","page","type-page","status-publish","hentry"],"_links":{"self":[{"href":"https:\/\/beverlyhillsbeauty.at\/de\/wp-json\/wp\/v2\/pages\/250296","targetHints":{"allow":["GET"]}}],"collection":[{"href":"https:\/\/beverlyhillsbeauty.at\/de\/wp-json\/wp\/v2\/pages"}],"about":[{"href":"https:\/\/beverlyhillsbeauty.at\/de\/wp-json\/wp\/v2\/types\/page"}],"author":[{"embeddable":true,"href":"https:\/\/beverlyhillsbeauty.at\/de\/wp-json\/wp\/v2\/users\/2"}],"replies":[{"embeddable":true,"href":"https:\/\/beverlyhillsbeauty.at\/de\/wp-json\/wp\/v2\/comments?post=250296"}],"version-history":[{"count":8,"href":"https:\/\/beverlyhillsbeauty.at\/de\/wp-json\/wp\/v2\/pages\/250296\/revisions"}],"predecessor-version":[{"id":251940,"href":"https:\/\/beverlyhillsbeauty.at\/de\/wp-json\/wp\/v2\/pages\/250296\/revisions\/251940"}],"wp:attachment":[{"href":"https:\/\/beverlyhillsbeauty.at\/de\/wp-json\/wp\/v2\/media?parent=250296"}],"curies":[{"name":"wp","href":"https:\/\/api.w.org\/{rel}","templated":true}]}}