{"id":250315,"date":"2025-11-04T11:20:32","date_gmt":"2025-11-04T11:20:32","guid":{"rendered":"https:\/\/beverlyhillsbeauty.at\/?page_id=250315"},"modified":"2025-11-10T10:32:47","modified_gmt":"2025-11-10T10:32:47","slug":"%d0%bd%d0%b0%d1%88%d0%b0-%d0%ba%d0%be%d0%bc%d0%b0%d0%bd%d0%b4%d0%b0","status":"publish","type":"page","link":"https:\/\/beverlyhillsbeauty.at\/ru\/%d0%bd%d0%b0%d1%88%d0%b0-%d0%ba%d0%be%d0%bc%d0%b0%d0%bd%d0%b4%d0%b0\/","title":{"rendered":"\u041d\u0430\u0448\u0430 \u043a\u043e\u043c\u0430\u043d\u0434\u0430"},"content":{"rendered":"<p>[et_pb_section fb_built=&#187;1&#8243; theme_builder_area=&#187;post_content&#187; _builder_version=&#187;4.27.4&#8243; _module_preset=&#187;default&#187; da_is_popup=&#187;off&#187; da_exit_intent=&#187;off&#187; da_has_close=&#187;on&#187; da_alt_close=&#187;off&#187; da_dark_close=&#187;off&#187; da_not_modal=&#187;on&#187; da_is_singular=&#187;off&#187; da_with_loader=&#187;off&#187; da_has_shadow=&#187;on&#187; da_disable_devices=&#187;off|off|off&#187;][\/et_pb_section][et_pb_section fb_built=&#187;1&#8243; _builder_version=&#187;4.27.4&#8243; _module_preset=&#187;default&#187; da_disable_devices=&#187;off|off|off&#187; global_colors_info=&#187;{}&#187; locked=&#187;off&#187; theme_builder_area=&#187;post_content&#187; da_is_popup=&#187;off&#187; da_exit_intent=&#187;off&#187; da_has_close=&#187;on&#187; da_alt_close=&#187;off&#187; da_dark_close=&#187;off&#187; da_not_modal=&#187;on&#187; da_is_singular=&#187;off&#187; da_with_loader=&#187;off&#187; da_has_shadow=&#187;on&#187;][et_pb_row _builder_version=&#187;4.27.4&#8243; _module_preset=&#187;default&#187; global_colors_info=&#187;{}&#187; theme_builder_area=&#187;post_content&#187;][et_pb_column type=&#187;4_4&#8243; _builder_version=&#187;4.27.4&#8243; _module_preset=&#187;default&#187; global_colors_info=&#187;{}&#187; theme_builder_area=&#187;post_content&#187;][et_pb_heading title=&#187;\u041d\u0430\u0448\u0430 \u043a\u043e\u043c\u0430\u043d\u0434\u0430&#187; _builder_version=&#187;4.27.4&#8243; _module_preset=&#187;default&#187; hover_enabled=&#187;0&#8243; global_colors_info=&#187;{}&#187; sticky_enabled=&#187;0&#8243; theme_builder_area=&#187;post_content&#187;][\/et_pb_heading][\/et_pb_column][\/et_pb_row][et_pb_row column_structure=&#187;1_4,1_4,1_4,1_4&#8243; make_equal=&#187;on&#187; custom_padding_last_edited=&#187;on|phone&#187; admin_label=&#187;Services&#187; _builder_version=&#187;4.22.2&#8243; width_phone=&#187;100%&#187; width_last_edited=&#187;off|desktop&#187; max_width_tablet=&#187;80%&#187; max_width_phone=&#187;90%&#187; max_width_last_edited=&#187;off|desktop&#187; custom_margin=&#187;50px||||false|false&#187; custom_padding=&#187;0px||0px||true|false&#187; custom_padding_tablet=&#187;0px||0px||true|false&#187; custom_padding_phone=&#187;0px|20px|0px|20px|true|true&#187; use_custom_width=&#187;on&#187; width_unit=&#187;off&#187; locked=&#187;off&#187; global_colors_info=&#187;{}&#187; theme_builder_area=&#187;post_content&#187;][et_pb_column type=&#187;1_4&#8243; _builder_version=&#187;4.16&#8243; custom_padding=&#187;|||&#187; global_colors_info=&#187;{}&#187; custom_padding__hover=&#187;|||&#187; theme_builder_area=&#187;post_content&#187;][et_pb_image src=&#187;https:\/\/beverlyhillsbeauty.at\/wp-content\/uploads\/2023\/10\/Administrator-Diana.jpeg&#187; title_text=&#187;Administrator &#8212; Diana&#187; show_in_lightbox=&#187;on&#187; _builder_version=&#187;4.22.2&#8243; _module_preset=&#187;default&#187; custom_margin=&#187;||0px||false|false&#187; custom_padding=&#187;||0px||false|false&#187; border_radii=&#187;on|10px|10px|10px|10px&#187; global_colors_info=&#187;{}&#187; theme_builder_area=&#187;post_content&#187;][\/et_pb_image][et_pb_text admin_label=&#187;Subtitle&#187; _builder_version=&#187;4.27.4&#8243; text_font=&#187;ex1||||||||&#187; text_text_color=&#187;rgba(0,0,0,0.8)&#187; text_font_size=&#187;17px&#187; text_line_height=&#187;2em&#187; header_font=&#187;Montserrat||||||||&#187; header_text_align=&#187;center&#187; header_text_color=&#187;rgba(0,0,0,0.7)&#187; header_font_size=&#187;15px&#187; header_line_height=&#187;1.9em&#187; background_color=&#187;#FFFFFF&#187; position_origin_a=&#187;center_left&#187; horizontal_offset=&#187;0px&#187; text_orientation=&#187;center&#187; width=&#187;92%&#187; module_alignment=&#187;center&#187; custom_margin=&#187;0px|0px|0px|0px|true|true&#187; custom_padding=&#187;10px|0px|10px|0px|true|false&#187; animation_direction=&#187;bottom&#187; border_color_top=&#187;rgba(0,0,0,0.15)&#187; border_color_right=&#187;rgba(0,0,0,0.15)&#187; border_color_left=&#187;rgba(0,0,0,0.15)&#187; locked=&#187;off&#187; global_colors_info=&#187;{}&#187; theme_builder_area=&#187;post_content&#187;]<\/p>\n<p><strong>DIANA<\/strong><\/p>\n<p>Administrator<\/p>\n<p>[\/et_pb_text][\/et_pb_column][et_pb_column type=&#187;1_4&#8243; _builder_version=&#187;4.16&#8243; custom_padding=&#187;|||&#187; global_colors_info=&#187;{}&#187; custom_padding__hover=&#187;|||&#187; theme_builder_area=&#187;post_content&#187;][et_pb_image src=&#187;https:\/\/beverlyhillsbeauty.at\/wp-content\/uploads\/2023\/10\/Administrator-Julia.jpeg&#187; title_text=&#187;Administrator -Julia&#187; show_in_lightbox=&#187;on&#187; _builder_version=&#187;4.22.2&#8243; _module_preset=&#187;default&#187; custom_margin=&#187;||0px||false|false&#187; border_radii=&#187;on|10px|10px|10px|10px&#187; global_colors_info=&#187;{}&#187; theme_builder_area=&#187;post_content&#187;][\/et_pb_image][et_pb_text admin_label=&#187;Subtitle&#187; _builder_version=&#187;4.27.4&#8243; text_font=&#187;ex1||||||||&#187; text_text_color=&#187;rgba(0,0,0,0.8)&#187; text_font_size=&#187;17px&#187; text_line_height=&#187;2em&#187; header_font=&#187;Montserrat||||||||&#187; header_text_align=&#187;center&#187; header_text_color=&#187;rgba(0,0,0,0.7)&#187; header_font_size=&#187;15px&#187; header_line_height=&#187;1.9em&#187; background_color=&#187;#FFFFFF&#187; position_origin_a=&#187;center_left&#187; horizontal_offset=&#187;0px&#187; text_orientation=&#187;center&#187; width=&#187;92%&#187; module_alignment=&#187;center&#187; custom_margin=&#187;0px|0px|0px|0px|true|true&#187; custom_padding=&#187;10px|0px|10px|0px|true|false&#187; animation_direction=&#187;bottom&#187; border_color_top=&#187;rgba(0,0,0,0.15)&#187; border_color_right=&#187;rgba(0,0,0,0.15)&#187; border_color_left=&#187;rgba(0,0,0,0.15)&#187; locked=&#187;off&#187; global_colors_info=&#187;{}&#187; theme_builder_area=&#187;post_content&#187;]<\/p>\n<p><strong>JULIA<\/strong><\/p>\n<p>Administrator<\/p>\n<p>[\/et_pb_text][\/et_pb_column][et_pb_column type=&#187;1_4&#8243; _builder_version=&#187;4.16&#8243; custom_padding=&#187;|||&#187; global_colors_info=&#187;{}&#187; custom_padding__hover=&#187;|||&#187; theme_builder_area=&#187;post_content&#187;][et_pb_image src=&#187;https:\/\/beverlyhillsbeauty.at\/wp-content\/uploads\/2023\/10\/Brows-and-Lashes-Master-Katerina.jpeg&#187; title_text=&#187;Brows and Lashes Master &#8212; Katerina&#187; show_in_lightbox=&#187;on&#187; _builder_version=&#187;4.22.2&#8243; _module_preset=&#187;default&#187; custom_margin=&#187;||0px||false|false&#187; border_radii=&#187;on|10px|10px|10px|10px&#187; global_colors_info=&#187;{}&#187; theme_builder_area=&#187;post_content&#187;][\/et_pb_image][et_pb_text admin_label=&#187;Subtitle&#187; _builder_version=&#187;4.27.4&#8243; text_font=&#187;ex1||||||||&#187; text_text_color=&#187;rgba(0,0,0,0.8)&#187; text_font_size=&#187;17px&#187; text_line_height=&#187;2em&#187; header_font=&#187;Montserrat||||||||&#187; header_text_align=&#187;center&#187; header_text_color=&#187;rgba(0,0,0,0.7)&#187; header_font_size=&#187;15px&#187; header_line_height=&#187;1.9em&#187; background_color=&#187;#FFFFFF&#187; position_origin_a=&#187;center_left&#187; horizontal_offset=&#187;0px&#187; text_orientation=&#187;center&#187; width=&#187;92%&#187; module_alignment=&#187;center&#187; custom_margin=&#187;0px|0px|0px|0px|true|true&#187; custom_padding=&#187;10px|0px|10px|0px|true|false&#187; animation_direction=&#187;bottom&#187; border_color_top=&#187;rgba(0,0,0,0.15)&#187; border_color_right=&#187;rgba(0,0,0,0.15)&#187; border_color_left=&#187;rgba(0,0,0,0.15)&#187; locked=&#187;off&#187; global_colors_info=&#187;{}&#187; theme_builder_area=&#187;post_content&#187;]<\/p>\n<p><strong>KATERINA<\/strong><\/p>\n<p>Brows and Lashes Master<\/p>\n<p>[\/et_pb_text][\/et_pb_column][et_pb_column type=&#187;1_4&#8243; _builder_version=&#187;4.16&#8243; custom_padding=&#187;|||&#187; global_colors_info=&#187;{}&#187; custom_padding__hover=&#187;|||&#187; theme_builder_area=&#187;post_content&#187;][et_pb_image src=&#187;https:\/\/beverlyhillsbeauty.at\/wp-content\/uploads\/2023\/10\/Cosmetologist-Inna.jpeg&#187; title_text=&#187;Cosmetologist &#8212; Inna&#187; show_in_lightbox=&#187;on&#187; _builder_version=&#187;4.22.2&#8243; _module_preset=&#187;default&#187; custom_margin=&#187;||0px||false|false&#187; border_radii=&#187;on|10px|10px|10px|10px&#187; global_colors_info=&#187;{}&#187; theme_builder_area=&#187;post_content&#187;][\/et_pb_image][et_pb_text admin_label=&#187;Subtitle&#187; _builder_version=&#187;4.27.4&#8243; text_font=&#187;ex1||||||||&#187; text_text_color=&#187;rgba(0,0,0,0.8)&#187; text_font_size=&#187;17px&#187; text_line_height=&#187;2em&#187; header_font=&#187;Montserrat||||||||&#187; header_text_align=&#187;center&#187; header_text_color=&#187;rgba(0,0,0,0.7)&#187; header_font_size=&#187;15px&#187; header_line_height=&#187;1.9em&#187; background_color=&#187;#FFFFFF&#187; position_origin_a=&#187;center_left&#187; horizontal_offset=&#187;0px&#187; text_orientation=&#187;center&#187; width=&#187;92%&#187; module_alignment=&#187;center&#187; custom_margin=&#187;0px|0px|0px|0px|true|true&#187; custom_padding=&#187;10px|0px|10px|0px|true|false&#187; animation_direction=&#187;bottom&#187; border_color_top=&#187;rgba(0,0,0,0.15)&#187; border_color_right=&#187;rgba(0,0,0,0.15)&#187; border_color_left=&#187;rgba(0,0,0,0.15)&#187; locked=&#187;off&#187; global_colors_info=&#187;{}&#187; theme_builder_area=&#187;post_content&#187;]<\/p>\n<p><strong>INNA<\/strong><\/p>\n<p>Cosmetologist<\/p>\n<p>[\/et_pb_text][\/et_pb_column][\/et_pb_row][et_pb_row column_structure=&#187;1_4,1_4,1_4,1_4&#8243; make_equal=&#187;on&#187; custom_padding_last_edited=&#187;on|phone&#187; admin_label=&#187;Services&#187; _builder_version=&#187;4.22.2&#8243; width_phone=&#187;100%&#187; width_last_edited=&#187;off|desktop&#187; max_width_tablet=&#187;80%&#187; max_width_phone=&#187;90%&#187; max_width_last_edited=&#187;off|desktop&#187; custom_margin=&#187;50px||||false|false&#187; custom_margin_tablet=&#187;50px||||false|false&#187; custom_margin_phone=&#187;30px||||false|false&#187; custom_margin_last_edited=&#187;on|phone&#187; custom_padding=&#187;0px||0px||true|false&#187; custom_padding_tablet=&#187;0px||0px||true|false&#187; custom_padding_phone=&#187;0px|20px|0px|20px|true|true&#187; use_custom_width=&#187;on&#187; width_unit=&#187;off&#187; locked=&#187;off&#187; global_colors_info=&#187;{}&#187; theme_builder_area=&#187;post_content&#187;][et_pb_column type=&#187;1_4&#8243; _builder_version=&#187;4.16&#8243; custom_padding=&#187;|||&#187; global_colors_info=&#187;{}&#187; custom_padding__hover=&#187;|||&#187; theme_builder_area=&#187;post_content&#187;][et_pb_image src=&#187;https:\/\/beverlyhillsbeauty.at\/wp-content\/uploads\/2023\/10\/Hair-stylist-Diana.jpeg&#187; title_text=&#187;Hair stylist &#8212; Diana&#187; show_in_lightbox=&#187;on&#187; _builder_version=&#187;4.22.2&#8243; _module_preset=&#187;default&#187; custom_margin=&#187;||0px||false|false&#187; custom_padding=&#187;||0px||false|false&#187; border_radii=&#187;on|10px|10px|10px|10px&#187; global_colors_info=&#187;{}&#187; theme_builder_area=&#187;post_content&#187;][\/et_pb_image][et_pb_text admin_label=&#187;Subtitle&#187; _builder_version=&#187;4.27.4&#8243; text_font=&#187;ex1||||||||&#187; text_text_color=&#187;rgba(0,0,0,0.8)&#187; text_font_size=&#187;17px&#187; text_line_height=&#187;2em&#187; header_font=&#187;Montserrat||||||||&#187; header_text_align=&#187;center&#187; header_text_color=&#187;rgba(0,0,0,0.7)&#187; header_font_size=&#187;15px&#187; header_line_height=&#187;1.9em&#187; background_color=&#187;#FFFFFF&#187; position_origin_a=&#187;center_left&#187; horizontal_offset=&#187;0px&#187; text_orientation=&#187;center&#187; width=&#187;92%&#187; module_alignment=&#187;center&#187; custom_margin=&#187;0px|0px|0px|0px|true|true&#187; custom_padding=&#187;10px|0px|10px|0px|true|false&#187; animation_direction=&#187;bottom&#187; border_color_top=&#187;rgba(0,0,0,0.15)&#187; border_color_right=&#187;rgba(0,0,0,0.15)&#187; border_color_left=&#187;rgba(0,0,0,0.15)&#187; locked=&#187;off&#187; global_colors_info=&#187;{}&#187; theme_builder_area=&#187;post_content&#187;]<\/p>\n<p><strong>DIANA<\/strong><\/p>\n<p>Hair Stylist<\/p>\n<p>[\/et_pb_text][\/et_pb_column][et_pb_column type=&#187;1_4&#8243; _builder_version=&#187;4.16&#8243; custom_padding=&#187;|||&#187; global_colors_info=&#187;{}&#187; custom_padding__hover=&#187;|||&#187; theme_builder_area=&#187;post_content&#187;][et_pb_image src=&#187;https:\/\/beverlyhillsbeauty.at\/wp-content\/uploads\/2023\/10\/Hair-stylist-Serj.jpeg&#187; title_text=&#187;Hair stylist &#8212; Serj&#187; show_in_lightbox=&#187;on&#187; _builder_version=&#187;4.22.2&#8243; _module_preset=&#187;default&#187; custom_margin=&#187;||0px||false|false&#187; border_radii=&#187;on|10px|10px|10px|10px&#187; global_colors_info=&#187;{}&#187; theme_builder_area=&#187;post_content&#187;][\/et_pb_image][et_pb_text admin_label=&#187;Subtitle&#187; _builder_version=&#187;4.27.4&#8243; text_font=&#187;ex1||||||||&#187; text_text_color=&#187;rgba(0,0,0,0.8)&#187; text_font_size=&#187;17px&#187; text_line_height=&#187;2em&#187; header_font=&#187;Montserrat||||||||&#187; header_text_align=&#187;center&#187; header_text_color=&#187;rgba(0,0,0,0.7)&#187; header_font_size=&#187;15px&#187; header_line_height=&#187;1.9em&#187; background_color=&#187;#FFFFFF&#187; position_origin_a=&#187;center_left&#187; horizontal_offset=&#187;0px&#187; text_orientation=&#187;center&#187; width=&#187;92%&#187; module_alignment=&#187;center&#187; custom_margin=&#187;0px|0px|0px|0px|true|true&#187; custom_padding=&#187;10px|0px|10px|0px|true|false&#187; animation_direction=&#187;bottom&#187; border_color_top=&#187;rgba(0,0,0,0.15)&#187; border_color_right=&#187;rgba(0,0,0,0.15)&#187; border_color_left=&#187;rgba(0,0,0,0.15)&#187; locked=&#187;off&#187; global_colors_info=&#187;{}&#187; theme_builder_area=&#187;post_content&#187;]<\/p>\n<p><strong>SERJ<\/strong><\/p>\n<p>Hair Stylist<\/p>\n<p>[\/et_pb_text][\/et_pb_column][et_pb_column type=&#187;1_4&#8243; _builder_version=&#187;4.16&#8243; custom_padding=&#187;|||&#187; global_colors_info=&#187;{}&#187; custom_padding__hover=&#187;|||&#187; theme_builder_area=&#187;post_content&#187;][et_pb_image src=&#187;https:\/\/beverlyhillsbeauty.at\/wp-content\/uploads\/2023\/10\/Manikure-Pedikure-master-Olga.jpeg&#187; title_text=&#187;Manik\u00fcre-Pedik\u00fcre master &#8212; Olga&#187; show_in_lightbox=&#187;on&#187; _builder_version=&#187;4.22.2&#8243; _module_preset=&#187;default&#187; custom_margin=&#187;||0px||false|false&#187; border_radii=&#187;on|10px|10px|10px|10px&#187; global_colors_info=&#187;{}&#187; theme_builder_area=&#187;post_content&#187;][\/et_pb_image][et_pb_text admin_label=&#187;Subtitle&#187; _builder_version=&#187;4.27.4&#8243; text_font=&#187;ex1||||||||&#187; text_text_color=&#187;rgba(0,0,0,0.8)&#187; text_font_size=&#187;17px&#187; text_line_height=&#187;2em&#187; header_font=&#187;Montserrat||||||||&#187; header_text_align=&#187;center&#187; header_text_color=&#187;rgba(0,0,0,0.7)&#187; header_font_size=&#187;15px&#187; header_line_height=&#187;1.9em&#187; background_color=&#187;#FFFFFF&#187; position_origin_a=&#187;center_left&#187; horizontal_offset=&#187;0px&#187; text_orientation=&#187;center&#187; width=&#187;92%&#187; module_alignment=&#187;center&#187; custom_margin=&#187;0px|0px|0px|0px|true|true&#187; custom_padding=&#187;10px|0px|10px|0px|true|false&#187; animation_direction=&#187;bottom&#187; border_color_top=&#187;rgba(0,0,0,0.15)&#187; border_color_right=&#187;rgba(0,0,0,0.15)&#187; border_color_left=&#187;rgba(0,0,0,0.15)&#187; locked=&#187;off&#187; global_colors_info=&#187;{}&#187; theme_builder_area=&#187;post_content&#187;]<\/p>\n<p><strong>OLGA<\/strong><\/p>\n<p>Manik\u00fcre &#8212; Pedik\u00fcre Master<\/p>\n<p>[\/et_pb_text][\/et_pb_column][et_pb_column type=&#187;1_4&#8243; _builder_version=&#187;4.16&#8243; custom_padding=&#187;|||&#187; global_colors_info=&#187;{}&#187; custom_padding__hover=&#187;|||&#187; theme_builder_area=&#187;post_content&#187;][et_pb_image src=&#187;https:\/\/beverlyhillsbeauty.at\/wp-content\/uploads\/2023\/10\/Massage-and-Endosphere-Master-Katerina.jpeg&#187; title_text=&#187;Massage and Endosphere Master &#8212; Katerina&#187; show_in_lightbox=&#187;on&#187; _builder_version=&#187;4.22.2&#8243; _module_preset=&#187;default&#187; custom_margin=&#187;||0px||false|false&#187; border_radii=&#187;on|10px|10px|10px|10px&#187; global_colors_info=&#187;{}&#187; theme_builder_area=&#187;post_content&#187;][\/et_pb_image][et_pb_text admin_label=&#187;Subtitle&#187; _builder_version=&#187;4.27.4&#8243; text_font=&#187;ex1||||||||&#187; text_text_color=&#187;rgba(0,0,0,0.8)&#187; text_font_size=&#187;17px&#187; text_line_height=&#187;2em&#187; header_font=&#187;Montserrat||||||||&#187; header_text_align=&#187;center&#187; header_text_color=&#187;rgba(0,0,0,0.7)&#187; header_font_size=&#187;15px&#187; header_line_height=&#187;1.9em&#187; background_color=&#187;#FFFFFF&#187; position_origin_a=&#187;center_left&#187; horizontal_offset=&#187;0px&#187; text_orientation=&#187;center&#187; width=&#187;92%&#187; module_alignment=&#187;center&#187; custom_margin=&#187;0px|0px|0px|0px|true|true&#187; custom_padding=&#187;10px|0px|10px|0px|true|false&#187; animation_direction=&#187;bottom&#187; border_color_top=&#187;rgba(0,0,0,0.15)&#187; border_color_right=&#187;rgba(0,0,0,0.15)&#187; border_color_left=&#187;rgba(0,0,0,0.15)&#187; locked=&#187;off&#187; global_colors_info=&#187;{}&#187; theme_builder_area=&#187;post_content&#187;]<\/p>\n<p><strong>KATERINA<\/strong><\/p>\n<p>Massage &amp; Endosphere Master<\/p>\n<p>[\/et_pb_text][\/et_pb_column][\/et_pb_row][et_pb_row column_structure=&#187;1_4,1_4,1_4,1_4&#8243; make_equal=&#187;on&#187; custom_padding_last_edited=&#187;on|phone&#187; admin_label=&#187;Services&#187; _builder_version=&#187;4.22.2&#8243; width_phone=&#187;100%&#187; width_last_edited=&#187;off|desktop&#187; max_width_tablet=&#187;80%&#187; max_width_phone=&#187;90%&#187; max_width_last_edited=&#187;off|desktop&#187; custom_margin=&#187;50px||||false|false&#187; custom_margin_tablet=&#187;50px||||false|false&#187; custom_margin_phone=&#187;30px||||false|false&#187; custom_margin_last_edited=&#187;on|phone&#187; custom_padding=&#187;0px||0px||true|false&#187; custom_padding_tablet=&#187;0px||0px||true|false&#187; custom_padding_phone=&#187;0px|20px|0px|20px|true|true&#187; use_custom_width=&#187;on&#187; width_unit=&#187;off&#187; locked=&#187;off&#187; global_colors_info=&#187;{}&#187; theme_builder_area=&#187;post_content&#187;][et_pb_column type=&#187;1_4&#8243; _builder_version=&#187;4.16&#8243; custom_padding=&#187;|||&#187; global_colors_info=&#187;{}&#187; custom_padding__hover=&#187;|||&#187; theme_builder_area=&#187;post_content&#187;][et_pb_image src=&#187;https:\/\/beverlyhillsbeauty.at\/wp-content\/uploads\/2023\/10\/Manikure-Pedikure-Master-Yuliia.jpg&#187; title_text=&#187;Manik\u00fcre -Pedik\u00fcre Master &#8212; Yuliia&#187; show_in_lightbox=&#187;on&#187; _builder_version=&#187;4.22.2&#8243; _module_preset=&#187;default&#187; custom_margin=&#187;||0px||false|false&#187; custom_padding=&#187;||0px||false|false&#187; border_radii=&#187;on|10px|10px|10px|10px&#187; global_colors_info=&#187;{}&#187; theme_builder_area=&#187;post_content&#187;][\/et_pb_image][et_pb_text admin_label=&#187;Subtitle&#187; _builder_version=&#187;4.27.4&#8243; text_font=&#187;ex1||||||||&#187; text_text_color=&#187;rgba(0,0,0,0.8)&#187; text_font_size=&#187;17px&#187; text_line_height=&#187;2em&#187; header_font=&#187;Montserrat||||||||&#187; header_text_align=&#187;center&#187; header_text_color=&#187;rgba(0,0,0,0.7)&#187; header_font_size=&#187;15px&#187; header_line_height=&#187;1.9em&#187; background_color=&#187;#FFFFFF&#187; position_origin_a=&#187;center_left&#187; horizontal_offset=&#187;0px&#187; text_orientation=&#187;center&#187; width=&#187;92%&#187; module_alignment=&#187;center&#187; custom_margin=&#187;0px|0px|0px|0px|true|true&#187; custom_padding=&#187;10px|0px|10px|0px|true|false&#187; animation_direction=&#187;bottom&#187; border_color_top=&#187;rgba(0,0,0,0.15)&#187; border_color_right=&#187;rgba(0,0,0,0.15)&#187; border_color_left=&#187;rgba(0,0,0,0.15)&#187; locked=&#187;off&#187; global_colors_info=&#187;{}&#187; theme_builder_area=&#187;post_content&#187;]<\/p>\n<p><strong>YULIIA<\/strong><\/p>\n<p>Manik\u00fcre &#8212; Pedik\u00fcre Master<\/p>\n<p>[\/et_pb_text][\/et_pb_column][et_pb_column type=&#187;1_4&#8243; _builder_version=&#187;4.16&#8243; custom_padding=&#187;|||&#187; global_colors_info=&#187;{}&#187; custom_padding__hover=&#187;|||&#187; theme_builder_area=&#187;post_content&#187;][et_pb_image src=&#187;https:\/\/beverlyhillsbeauty.at\/wp-content\/uploads\/2023\/10\/Cosmetologist-Vladislava.jpg&#187; title_text=&#187;Cosmetologist &#8212; Vladislava&#187; show_in_lightbox=&#187;on&#187; _builder_version=&#187;4.22.2&#8243; _module_preset=&#187;default&#187; custom_margin=&#187;||0px||false|false&#187; border_radii=&#187;on|10px|10px|10px|10px&#187; global_colors_info=&#187;{}&#187; theme_builder_area=&#187;post_content&#187;][\/et_pb_image][et_pb_text admin_label=&#187;Subtitle&#187; _builder_version=&#187;4.27.4&#8243; text_font=&#187;ex1||||||||&#187; text_text_color=&#187;rgba(0,0,0,0.8)&#187; text_font_size=&#187;17px&#187; text_line_height=&#187;2em&#187; header_font=&#187;Montserrat||||||||&#187; header_text_align=&#187;center&#187; header_text_color=&#187;rgba(0,0,0,0.7)&#187; header_font_size=&#187;15px&#187; header_line_height=&#187;1.9em&#187; background_color=&#187;#FFFFFF&#187; position_origin_a=&#187;center_left&#187; horizontal_offset=&#187;0px&#187; text_orientation=&#187;center&#187; width=&#187;92%&#187; module_alignment=&#187;center&#187; custom_margin=&#187;0px|0px|0px|0px|true|true&#187; custom_padding=&#187;10px|0px|10px|0px|true|false&#187; animation_direction=&#187;bottom&#187; border_color_top=&#187;rgba(0,0,0,0.15)&#187; border_color_right=&#187;rgba(0,0,0,0.15)&#187; border_color_left=&#187;rgba(0,0,0,0.15)&#187; locked=&#187;off&#187; global_colors_info=&#187;{}&#187; theme_builder_area=&#187;post_content&#187;]<\/p>\n<p><strong>VLADISLAVA<\/strong><\/p>\n<p>Cosmetologist<\/p>\n<p>[\/et_pb_text][\/et_pb_column][et_pb_column type=&#187;1_4&#8243; _builder_version=&#187;4.16&#8243; custom_padding=&#187;|||&#187; global_colors_info=&#187;{}&#187; custom_padding__hover=&#187;|||&#187; theme_builder_area=&#187;post_content&#187;][et_pb_image src=&#187;https:\/\/beverlyhillsbeauty.at\/wp-content\/uploads\/2023\/10\/Hair-stylist-Natalia.jpg&#187; title_text=&#187;Hair stylist &#8212; Natalia&#187; show_in_lightbox=&#187;on&#187; _builder_version=&#187;4.22.2&#8243; _module_preset=&#187;default&#187; custom_margin=&#187;||0px||false|false&#187; border_radii=&#187;on|10px|10px|10px|10px&#187; global_colors_info=&#187;{}&#187; theme_builder_area=&#187;post_content&#187;][\/et_pb_image][et_pb_text admin_label=&#187;Subtitle&#187; _builder_version=&#187;4.27.4&#8243; text_font=&#187;ex1||||||||&#187; text_text_color=&#187;rgba(0,0,0,0.8)&#187; text_font_size=&#187;17px&#187; text_line_height=&#187;2em&#187; header_font=&#187;Montserrat||||||||&#187; header_text_align=&#187;center&#187; header_text_color=&#187;rgba(0,0,0,0.7)&#187; header_font_size=&#187;15px&#187; header_line_height=&#187;1.9em&#187; background_color=&#187;#FFFFFF&#187; position_origin_a=&#187;center_left&#187; horizontal_offset=&#187;0px&#187; text_orientation=&#187;center&#187; width=&#187;92%&#187; module_alignment=&#187;center&#187; custom_margin=&#187;0px|0px|0px|0px|true|true&#187; custom_padding=&#187;10px|0px|10px|0px|true|false&#187; animation_direction=&#187;bottom&#187; border_color_top=&#187;rgba(0,0,0,0.15)&#187; border_color_right=&#187;rgba(0,0,0,0.15)&#187; border_color_left=&#187;rgba(0,0,0,0.15)&#187; locked=&#187;off&#187; global_colors_info=&#187;{}&#187; theme_builder_area=&#187;post_content&#187;]<\/p>\n<p><strong>NATALIA<\/strong><\/p>\n<p>Hair Stylist<\/p>\n<p>[\/et_pb_text][\/et_pb_column][et_pb_column type=&#187;1_4&#8243; _builder_version=&#187;4.16&#8243; custom_padding=&#187;|||&#187; global_colors_info=&#187;{}&#187; custom_padding__hover=&#187;|||&#187; theme_builder_area=&#187;post_content&#187;][\/et_pb_column][\/et_pb_row][\/et_pb_section]<\/p>\n","protected":false},"excerpt":{"rendered":"<p>DIANA AdministratorJULIA AdministratorKATERINA Brows and Lashes MasterINNA CosmetologistDIANA Hair StylistSERJ Hair StylistOLGA Manik\u00fcre &#8212; Pedik\u00fcre MasterKATERINA Massage &amp; Endosphere MasterYULIIA Manik\u00fcre &#8212; Pedik\u00fcre MasterVLADISLAVA CosmetologistNATALIA Hair Stylist<\/p>\n","protected":false},"author":2,"featured_media":0,"parent":0,"menu_order":0,"comment_status":"closed","ping_status":"closed","template":"","meta":{"_et_pb_use_builder":"on","_et_pb_old_content":"","_et_gb_content_width":"","_seowing_meta_title":"","_seowing_meta_description":"","_seowing_focus_keyword":"","_seowing_canonical_url":"","_seowing_robots":"","_seowing_robots_noindex":false,"_seowing_robots_nofollow":false,"_seowing_seo_score":0,"footnotes":""},"class_list":["post-250315","page","type-page","status-publish","hentry"],"_links":{"self":[{"href":"https:\/\/beverlyhillsbeauty.at\/ru\/wp-json\/wp\/v2\/pages\/250315","targetHints":{"allow":["GET"]}}],"collection":[{"href":"https:\/\/beverlyhillsbeauty.at\/ru\/wp-json\/wp\/v2\/pages"}],"about":[{"href":"https:\/\/beverlyhillsbeauty.at\/ru\/wp-json\/wp\/v2\/types\/page"}],"author":[{"embeddable":true,"href":"https:\/\/beverlyhillsbeauty.at\/ru\/wp-json\/wp\/v2\/users\/2"}],"replies":[{"embeddable":true,"href":"https:\/\/beverlyhillsbeauty.at\/ru\/wp-json\/wp\/v2\/comments?post=250315"}],"version-history":[{"count":5,"href":"https:\/\/beverlyhillsbeauty.at\/ru\/wp-json\/wp\/v2\/pages\/250315\/revisions"}],"predecessor-version":[{"id":250321,"href":"https:\/\/beverlyhillsbeauty.at\/ru\/wp-json\/wp\/v2\/pages\/250315\/revisions\/250321"}],"wp:attachment":[{"href":"https:\/\/beverlyhillsbeauty.at\/ru\/wp-json\/wp\/v2\/media?parent=250315"}],"curies":[{"name":"wp","href":"https:\/\/api.w.org\/{rel}","templated":true}]}}